                                {"id":244,"date":"2016-10-05T13:06:35","date_gmt":"2016-10-05T11:06:35","guid":{"rendered":"https:\/\/www.vertaalbureaus.biz\/?page_id=244"},"modified":"2019-03-11T17:31:40","modified_gmt":"2019-03-11T16:31:40","slug":"amerikaans-cv","status":"publish","type":"page","link":"https:\/\/www.vertaalbureaus.biz\/en\/amerikaans-cv\/","title":{"rendered":"R\u00e9sum\u00e9"},"content":{"rendered":"<p><\/p>\n<div align=\"center\">\n<p style=\"text-align: left;\"><strong><a href=\"https:\/\/www.vertaalbureaus.biz\/kennisbank\/\">Back<\/a><\/strong><\/p>\n<table border=\"0\">\n<tbody>\n<tr>\n<td bgcolor=\"#ffcc00\">\n<p align=\"center\"><b><span style=\"font-size: x-large;\">Amerikaanse Sollicitatiebrief en Curriculum Vitae (=R\u00e9sum\u00e9)<\/span><\/b><\/p>\n<hr>\n<p>Deze pagina geeft voorbeelden van een Amerikaanse sollicitatiebrief&nbsp; (= <i>application letter<\/i>) met een bijbehorend curriculum vitae (<i>r\u00e9sum\u00e9<\/i>). Het <i>chronological r\u00e9sum\u00e9<\/i> heeft de voorkeur wanner u solliciteert op een baan die goed aansluit bij uw werkervaring en opleiding tot nu toe. Het <i>functional r\u00e9sum\u00e9<\/i> kan worden gebruikt als u liever de nadruk legt op uw algemene vaardigheden (= <i>relevant skills<\/i>).<\/p>\n<p>Let op de plaats en inhoud&nbsp; van de persoonlijke gegevens (minder uitvoerig dan in een Nederlands c.v.), en meteen daarna het onderdeel &#8220;Werkdoel&#8221; oftewel &#8220;<i>Objective<\/i>&#8221; (= <i>Job Objective<\/i> \/ <i>Professional Objective<\/i>).<\/p>\n<hr>\n<\/td>\n<\/tr>\n<\/tbody>\n<\/table>\n<\/div>\n<div align=\"center\">\n<table border=\"0\">\n<tbody>\n<tr>\n<td bgcolor=\"#006600\"><span style=\"font-size: x-large;\"><span style=\"color: #ffffcc;\">Application Letter<\/span>&nbsp;<\/span><\/td>\n<\/tr>\n<\/tbody>\n<\/table>\n<\/div>\n<hr>\n<table border=\"0\" cellspacing=\"0\" cellpadding=\"10\">\n<tbody>\n<tr>\n<td width=\"90%\" align=\"left\" valign=\"top\">\n<p align=\"center\"><span style=\"font-size: large;\">Your name<br \/>\nMailing address<br \/>\nZip code, town, Country<\/span><span style=\"font-size: large;\"><br \/>\nTelephone number(s)<br \/>\nEmail address<\/span><\/p>\n<div align=\"left\">\n<p><span style=\"font-size: medium;\">Today\u2019s date<\/span><\/p>\n<p>Your addressee\u2019s name<br \/>\nProfessional title<br \/>\nOrganization name<br \/>\nMailing address<br \/>\nZip, town <span style=\"font-size: medium;\">and country<\/span><\/p>\n<p>Dear Mr. (or Ms.) last name,<\/p>\n<p>Start your letter with a grabber\u2014a statement that establishes a connection with your reader, a probing question, or a quotable quote. Briefly say what job you are applying for.<\/p>\n<p>The mid-section of your letter should be one or two short paragraphs that make relevant points about your qualifications. You should not summarize your r\u00e9sum\u00e9! You may incorporate a column or bullet point format here.<\/p>\n<p>Your last paragraph should initiate action by explaining what you will do next (e.g., call the employer) or instigate the reader to contact you to set up an interview. Close by saying \u201cthank you.\u201d<\/p>\n<p>Sincerely yours,<\/p>\n<p><span style=\"font-size: medium;\"><em>Your handwritten signature<\/em><\/span><\/p>\n<p><span style=\"font-size: medium;\">Your name (typed)<\/span><\/p>\n<p>Enclosure: resume<\/p>\n<\/div>\n<\/td>\n<\/tr>\n<\/tbody>\n<\/table>\n<hr>\n<div align=\"center\">\n<table border=\"0\">\n<tbody>\n<tr>\n<td bgcolor=\"#006600\"><b><span style=\"color: #ffffcc; font-size: x-large;\">Chronological Resume<\/span><\/b><\/td>\n<\/tr>\n<\/tbody>\n<\/table>\n<\/div>\n<hr>\n<h1><span style=\"font-size: medium;\">Your name<\/span><\/h1>\n<table cellspacing=\"2\" cellpadding=\"2\">\n<tbody>\n<tr valign=\"top\">\n<td><strong>Your Address<\/strong><\/td>\n<td>\n<ul>\n<li>Zip Code + Town + Country<\/li>\n<\/ul>\n<\/td>\n<td>\n<ul>\n<li>Telephone number<\/li>\n<\/ul>\n<\/td>\n<\/tr>\n<\/tbody>\n<\/table>\n<h3 align=\"left\"><strong>OBJECTIVE<\/strong><\/h3>\n<p align=\"left\">Director of Training, First Nationwide Bank<\/p>\n<h3><strong>SUMMARY OF QUALIFICATIONS<\/strong><\/h3>\n<ul>\n<li>Top-notch administrator with more than 15 years experience in finance.<\/li>\n<li>M.B.A. and extensive training in seminars for working professionals.<\/li>\n<li>Outstanding productivity both as a loan officer and as a supervisor.<\/li>\n<li>Unique combination of expertise in mortgage banking, training, sales, and finance.<\/li>\n<li>Dynamic leader and team builder, consistently motivating others toward success.<\/li>\n<\/ul>\n<h3 align=\"left\"><\/h3>\n<h3 align=\"left\"><strong>RELEVANT ACCOMPLISHMENTS<\/strong><\/h3>\n<table cellspacing=\"2\" cellpadding=\"5\">\n<tbody>\n<tr valign=\"top\">\n<td>1994-present<\/td>\n<td><strong>MORTGAGE MADNESS<\/strong>, Pleasant Hill CA<br \/>\n<strong><em>Director of Sales and Training<\/em><\/strong><br \/>\nManaged eight loan officers, with responsibility for $288 million in production, plus full responsibility for all training.<\/td>\n<\/tr>\n<\/tbody>\n<\/table>\n<ul>\n<li>Designed and led seven monthly training sessions, including broker education and product knowledge seminars, sales strategy and training.<\/li>\n<li>Reported directly to the president of the company.<\/li>\n<\/ul>\n<p>1990-94<strong>MAUDLIN MORTGAGE,<\/strong> Rustic City CA<br \/>\n<em><strong>Loan Officer<\/strong><\/em><br \/>\nDeveloped expertise in all areas of residential financing, including builder business, portfolio loans, Fannie Mae, and Freddie Mac investor loans.<\/p>\n<ul>\n<li>Top producing loan officer for Maudlin in 1992.<\/li>\n<li>Built a large client base by successfully implementing relationship selling.<\/li>\n<\/ul>\n<p>1992- present<strong>DALE CARNEGIE INC<\/strong>., San Rafael CA<br \/>\n<strong><em>Dale Carnegie Instructor<\/em><\/strong><\/p>\n<ul>\n<li>Trained top-level managers of Fortune 500 companies.<\/li>\n<li>Named &#8220;Bay Area Instructor of the Year&#8221; in 1993. Consistently reached 93 percent figure for students graduating.<\/li>\n<\/ul>\n<p>1987-90<strong>COUNTY OF LEWIS<\/strong>, Alameda, CA<br \/>\n<strong><em>Director, Administrative and Fiscal Services<\/em><\/strong>1985-87<strong>DREYDEN BEVERAGES<\/strong>, Hayward, CA<br \/>\n<strong><em>Senior Internal Auditor<\/em><\/strong>1980-85<strong>BLOUCHER MELON &amp; CO.<\/strong>, San Francisco, CA<br \/>\n<strong><em>Senior Accountant<\/em><\/strong><\/p>\n<ul>\n<li>For this &#8220;Big Eight&#8221; accounting firm, consulted with CEOs and CFOs of diverse industries (computer services, construction, legal services, high tech) concerning auditing, tax accounting, and management.<\/li>\n<\/ul>\n<p>1979-80<strong>MEGATECH MANUFACTURING<\/strong>, Foster City, CA<br \/>\n<strong><em>Controller<\/em><\/strong><\/p>\n<h3 align=\"left\"><\/h3>\n<h3 align=\"left\"><strong>EDUCATION<\/strong><\/h3>\n<p>Wilkes College, Wilkes-Barre PA<br \/>\n<strong>M.B.A.<\/strong>, 1979<\/p>\n<hr>\n<div align=\"center\">\n<table border=\"0\">\n<tbody>\n<tr>\n<td bgcolor=\"#006600\"><b><span style=\"color: #ffffcc; font-size: x-large;\">Functional Resume<\/span><\/b><\/td>\n<\/tr>\n<\/tbody>\n<\/table>\n<\/div>\n<hr>\n<h1><span style=\"font-size: medium;\"><b>Your name<\/b><\/span><\/h1>\n<p>Address<br \/>\nZip code + Town + Country<br \/>\nTelephone number<\/p>\n<h3>OBJECTIVE<\/h3>\n<p>A position as Sales Coordinator, Representative or Account Executive.<\/p>\n<h3>QUALIFICATIONS<\/h3>\n<ul>\n<li>Twelve years successful experience in direct sales of a range of products and services.<\/li>\n<li>Extensive practical hands-on experience as co-owner and manager of a small business.<\/li>\n<li>Motivated and enthusiastic about developing good relations with clients.<\/li>\n<li>Effective working alone or as a cooperative team member.<\/li>\n<li>Professional in appearance and presentation.<\/li>\n<\/ul>\n<h3>RELEVANT SKILLS<\/h3>\n<p>SALES &amp; NEW ACCOUNT DEVELOPMENT<\/p>\n<ul>\n<li>Increased a small publication&#8217;s advertising revenue through market research and promotion.<\/li>\n<li>Developed new distribution outlets for a special-interest magazine in Northern California<br \/>\n&#8211; Made cold calls and follow-up visits to retail outlets throughout the region.<br \/>\n&#8211; Organized detailed routebooks and financial recordkeeping.<br \/>\n&#8211; Successfully increased readership by more than 40 percent over a two-year period.<\/li>\n<\/ul>\n<p>CUSTOMER RELATIONS<\/p>\n<ul>\n<li>Served as vendor representative for Jana Imports:<br \/>\n&#8211; Coordinated product information and distribution for 75 field representatives and major accounts.<br \/>\n&#8211; Promoted giftware products at trade shows throughout the region.<br \/>\n&#8211; Handled face-to-face contacts with new and established customers.<\/li>\n<\/ul>\n<ul>\n<li>Oversaw the production of advertising and its placement in major trade publications.<\/li>\n<\/ul>\n<p>ADVERTISING, MARKETING, DISTRIBUTION<\/p>\n<ul>\n<li>Organized and styled merchandise for effective presentation in a 20-page giftware catalog.<\/li>\n<li>Kept accurate, current computer records of inventory, international suppliers, brokers, shippers, etc.<\/li>\n<li>Handled all aspects of order taking and processing, both at Bill&#8217;s Dairy and Jana Imports.<\/li>\n<\/ul>\n<h3>EMPLOYMENT HISTORY<\/h3>\n<table cellspacing=\"2\" cellpadding=\"12\">\n<tbody>\n<tr valign=\"top\">\n<td>1991-present<\/td>\n<td><strong><em>Sales Coordinator<\/em><\/strong><\/td>\n<td>JANA IMPORTS, Oakland<\/td>\n<\/tr>\n<tr valign=\"top\">\n<td>1986-90<\/td>\n<td><strong><em>Distribution Coordinator<\/em><\/strong><\/td>\n<td>DEJA VU PUBLISHING CO., San Rafael<\/td>\n<\/tr>\n<tr valign=\"top\">\n<td>1980-85<\/td>\n<td><strong><em>Co-Owner \/ Manager<\/em><\/strong><\/td>\n<td>BILL&#8217;S DAIRY PRODUCTS, Livermore<\/td>\n<\/tr>\n<\/tbody>\n<\/table>\n<h3>EDUCATION<\/h3>\n<p>Bay City College, San Francisco, Liberal arts studies 1977-80<\/p>\n<hr>\n<div align=\"center\">\n<table width=\"726\" border=\"0\" cellspacing=\"0\">\n<tbody>\n<tr>\n<td bgcolor=\"#ffcc00\">\n<p align=\"center\">Voor meer informatie raadpleeg de volgende (Engelstalige) websites:<\/p>\n<p align=\"center\"><a href=\"http:\/\/jobstar.org\/tools\/resume\/samples.cfm\">http:\/\/jobstar.org\/tools\/resume\/samples.cfm<\/a><\/p>\n<p align=\"center\"><a href=\"http:\/\/www.scu.edu\/careercenter\/resources\/pdf\/resume.pdf\">www.scu.edu\/careercenter\/resources\/pdf\/resume.pdf<\/a><\/p>\n<\/td>\n<\/tr>\n<\/tbody>\n<\/table>\n<\/div>\n<p><\/p>","protected":false},"excerpt":{"rendered":"<p>Back Amerikaanse Sollicitatiebrief en Curriculum Vitae (=R\u00e9sum\u00e9) Deze pagina geeft [&hellip;]<\/p>\n","protected":false},"author":1,"featured_media":0,"parent":0,"menu_order":34,"comment_status":"closed","ping_status":"closed","template":"","meta":{"_acf_changed":false,"footnotes":""},"class_list":["post-244","page","type-page","status-publish","hentry"],"acf":[],"yoast_head":"<!-- This site is optimized with the Yoast SEO plugin v27.6 - https:\/\/yoast.com\/product\/yoast-seo-wordpress\/ -->\n<title>R\u00e9sum\u00e9 - A&amp;E Translations<\/title>\n<meta name=\"robots\" content=\"index, follow, max-snippet:-1, max-image-preview:large, max-video-preview:-1\" \/>\n<link rel=\"canonical\" href=\"https:\/\/www.vertaalbureaus.biz\/en\/amerikaans-cv\/\" \/>\n<meta property=\"og:locale\" content=\"en_US\" \/>\n<meta property=\"og:type\" content=\"article\" \/>\n<meta property=\"og:title\" content=\"[:nl]Amerikaans CV[:en]R\u00e9sum\u00e9[:] - A&amp;E Translations\" \/>\n<meta property=\"og:description\" content=\"Back Amerikaanse Sollicitatiebrief en Curriculum Vitae (=R\u00e9sum\u00e9) Deze pagina geeft [&hellip;]\" \/>\n<meta property=\"og:url\" content=\"https:\/\/www.vertaalbureaus.biz\/en\/amerikaans-cv\/\" \/>\n<meta property=\"og:site_name\" content=\"A&amp;E Translations\" \/>\n<meta property=\"article:modified_time\" content=\"2019-03-11T16:31:40+00:00\" \/>\n<meta name=\"twitter:card\" content=\"summary_large_image\" \/>\n<meta name=\"twitter:label1\" content=\"Est. reading time\" \/>\n\t<meta name=\"twitter:data1\" content=\"8 minutes\" \/>\n<script type=\"application\/ld+json\" class=\"yoast-schema-graph\">{\"@context\":\"https:\\\/\\\/schema.org\",\"@graph\":[{\"@type\":\"WebPage\",\"@id\":\"https:\\\/\\\/www.vertaalbureaus.biz\\\/en\\\/amerikaans-cv\\\/\",\"url\":\"https:\\\/\\\/www.vertaalbureaus.biz\\\/en\\\/amerikaans-cv\\\/\",\"name\":\"[:nl]Amerikaans CV[:en]R\u00e9sum\u00e9[:] - A&amp;E Translations\",\"isPartOf\":{\"@id\":\"https:\\\/\\\/www.vertaalbureaus.biz\\\/en\\\/#website\"},\"datePublished\":\"2016-10-05T11:06:35+00:00\",\"dateModified\":\"2019-03-11T16:31:40+00:00\",\"breadcrumb\":{\"@id\":\"https:\\\/\\\/www.vertaalbureaus.biz\\\/en\\\/amerikaans-cv\\\/#breadcrumb\"},\"inLanguage\":\"en-US\",\"potentialAction\":[{\"@type\":\"ReadAction\",\"target\":[\"https:\\\/\\\/www.vertaalbureaus.biz\\\/en\\\/amerikaans-cv\\\/\"]}]},{\"@type\":\"BreadcrumbList\",\"@id\":\"https:\\\/\\\/www.vertaalbureaus.biz\\\/en\\\/amerikaans-cv\\\/#breadcrumb\",\"itemListElement\":[{\"@type\":\"ListItem\",\"position\":1,\"name\":\"Home\",\"item\":\"https:\\\/\\\/www.vertaalbureaus.biz\\\/\"},{\"@type\":\"ListItem\",\"position\":2,\"name\":\"R\u00e9sum\u00e9\"}]},{\"@type\":\"WebSite\",\"@id\":\"https:\\\/\\\/www.vertaalbureaus.biz\\\/en\\\/#website\",\"url\":\"https:\\\/\\\/www.vertaalbureaus.biz\\\/en\\\/\",\"name\":\"A&amp;E Translations\",\"description\":\"\",\"publisher\":{\"@id\":\"https:\\\/\\\/www.vertaalbureaus.biz\\\/en\\\/#organization\"},\"potentialAction\":[{\"@type\":\"SearchAction\",\"target\":{\"@type\":\"EntryPoint\",\"urlTemplate\":\"https:\\\/\\\/www.vertaalbureaus.biz\\\/en\\\/?s={search_term_string}\"},\"query-input\":{\"@type\":\"PropertyValueSpecification\",\"valueRequired\":true,\"valueName\":\"search_term_string\"}}],\"inLanguage\":\"en-US\"},{\"@type\":\"Organization\",\"@id\":\"https:\\\/\\\/www.vertaalbureaus.biz\\\/en\\\/#organization\",\"name\":\"A&E Translations\",\"url\":\"https:\\\/\\\/www.vertaalbureaus.biz\\\/en\\\/\",\"logo\":{\"@type\":\"ImageObject\",\"inLanguage\":\"en-US\",\"@id\":\"https:\\\/\\\/www.vertaalbureaus.biz\\\/en\\\/#\\\/schema\\\/logo\\\/image\\\/\",\"url\":\"https:\\\/\\\/www.vertaalbureaus.biz\\\/wp-content\\\/uploads\\\/2016\\\/10\\\/AE-1.png\",\"contentUrl\":\"https:\\\/\\\/www.vertaalbureaus.biz\\\/wp-content\\\/uploads\\\/2016\\\/10\\\/AE-1.png\",\"width\":801,\"height\":500,\"caption\":\"A&E Translations\"},\"image\":{\"@id\":\"https:\\\/\\\/www.vertaalbureaus.biz\\\/en\\\/#\\\/schema\\\/logo\\\/image\\\/\"}}]}<\/script>\n<!-- \/ Yoast SEO plugin. -->","yoast_head_json":{"title":"[:nl]Amerikaans CV[:en]R\u00e9sum\u00e9[:] - A&amp;E Translations","robots":{"index":"index","follow":"follow","max-snippet":"max-snippet:-1","max-image-preview":"max-image-preview:large","max-video-preview":"max-video-preview:-1"},"canonical":"https:\/\/www.vertaalbureaus.biz\/en\/amerikaans-cv\/","og_locale":"en_US","og_type":"article","og_title":"[:nl]Amerikaans CV[:en]R\u00e9sum\u00e9[:] - A&amp;E Translations","og_description":"Back Amerikaanse Sollicitatiebrief en Curriculum Vitae (=R\u00e9sum\u00e9) Deze pagina geeft [&hellip;]","og_url":"https:\/\/www.vertaalbureaus.biz\/en\/amerikaans-cv\/","og_site_name":"A&amp;E Translations","article_modified_time":"2019-03-11T16:31:40+00:00","twitter_card":"summary_large_image","twitter_misc":{"Est. reading time":"8 minutes"},"schema":{"@context":"https:\/\/schema.org","@graph":[{"@type":"WebPage","@id":"https:\/\/www.vertaalbureaus.biz\/en\/amerikaans-cv\/","url":"https:\/\/www.vertaalbureaus.biz\/en\/amerikaans-cv\/","name":"[:nl]Amerikaans CV[:en]R\u00e9sum\u00e9[:] - A&amp;E Translations","isPartOf":{"@id":"https:\/\/www.vertaalbureaus.biz\/en\/#website"},"datePublished":"2016-10-05T11:06:35+00:00","dateModified":"2019-03-11T16:31:40+00:00","breadcrumb":{"@id":"https:\/\/www.vertaalbureaus.biz\/en\/amerikaans-cv\/#breadcrumb"},"inLanguage":"en-US","potentialAction":[{"@type":"ReadAction","target":["https:\/\/www.vertaalbureaus.biz\/en\/amerikaans-cv\/"]}]},{"@type":"BreadcrumbList","@id":"https:\/\/www.vertaalbureaus.biz\/en\/amerikaans-cv\/#breadcrumb","itemListElement":[{"@type":"ListItem","position":1,"name":"Home","item":"https:\/\/www.vertaalbureaus.biz\/"},{"@type":"ListItem","position":2,"name":"R\u00e9sum\u00e9"}]},{"@type":"WebSite","@id":"https:\/\/www.vertaalbureaus.biz\/en\/#website","url":"https:\/\/www.vertaalbureaus.biz\/en\/","name":"A&amp;E Translations","description":"","publisher":{"@id":"https:\/\/www.vertaalbureaus.biz\/en\/#organization"},"potentialAction":[{"@type":"SearchAction","target":{"@type":"EntryPoint","urlTemplate":"https:\/\/www.vertaalbureaus.biz\/en\/?s={search_term_string}"},"query-input":{"@type":"PropertyValueSpecification","valueRequired":true,"valueName":"search_term_string"}}],"inLanguage":"en-US"},{"@type":"Organization","@id":"https:\/\/www.vertaalbureaus.biz\/en\/#organization","name":"A&E Translations","url":"https:\/\/www.vertaalbureaus.biz\/en\/","logo":{"@type":"ImageObject","inLanguage":"en-US","@id":"https:\/\/www.vertaalbureaus.biz\/en\/#\/schema\/logo\/image\/","url":"https:\/\/www.vertaalbureaus.biz\/wp-content\/uploads\/2016\/10\/AE-1.png","contentUrl":"https:\/\/www.vertaalbureaus.biz\/wp-content\/uploads\/2016\/10\/AE-1.png","width":801,"height":500,"caption":"A&E Translations"},"image":{"@id":"https:\/\/www.vertaalbureaus.biz\/en\/#\/schema\/logo\/image\/"}}]}},"_links":{"self":[{"href":"https:\/\/www.vertaalbureaus.biz\/en\/wp-json\/wp\/v2\/pages\/244","targetHints":{"allow":["GET"]}}],"collection":[{"href":"https:\/\/www.vertaalbureaus.biz\/en\/wp-json\/wp\/v2\/pages"}],"about":[{"href":"https:\/\/www.vertaalbureaus.biz\/en\/wp-json\/wp\/v2\/types\/page"}],"author":[{"embeddable":true,"href":"https:\/\/www.vertaalbureaus.biz\/en\/wp-json\/wp\/v2\/users\/1"}],"replies":[{"embeddable":true,"href":"https:\/\/www.vertaalbureaus.biz\/en\/wp-json\/wp\/v2\/comments?post=244"}],"version-history":[{"count":23,"href":"https:\/\/www.vertaalbureaus.biz\/en\/wp-json\/wp\/v2\/pages\/244\/revisions"}],"predecessor-version":[{"id":2037,"href":"https:\/\/www.vertaalbureaus.biz\/en\/wp-json\/wp\/v2\/pages\/244\/revisions\/2037"}],"wp:attachment":[{"href":"https:\/\/www.vertaalbureaus.biz\/en\/wp-json\/wp\/v2\/media?parent=244"}],"curies":[{"name":"wp","href":"https:\/\/api.w.org\/{rel}","templated":true}]}}